{"id":2,"date":"2015-05-25T12:56:35","date_gmt":"2015-05-25T12:56:35","guid":{"rendered":"http:\/\/projects.ung.si\/aha-moment\/wordpress\/?page_id=2"},"modified":"2015-05-29T12:45:40","modified_gmt":"2015-05-29T12:45:40","slug":"sample-page","status":"publish","type":"page","link":"https:\/\/projects.ung.si\/aha-moment\/","title":{"rendered":"Aktivno in zdravo staranje"},"content":{"rendered":"<p>Naziv operacije: \u201cAktivno in zdravo staranje \u2013 molekularni mehanizmi, prehrana in tar\u010dna dostava z nanodelci (AHA-MOMENT)\u201d<\/p>\n<p>Naziv upravi\u010denca: Univerza v Novi Gorici<\/p>\n<p>Kratek opis operacije:<\/p>\n<p align=\"justify\">Staranje je normalen proces, ki vodi do celi\u010dne senescence in zmanj\u0161anja delovanja tkiv v telesu. Oksidativni stres lahko, poleg ostalih okoljskih dejavnikov, bistveno pospe\u0161i procese staranja in povzro\u010di celi\u010dno degeneracijo in bolezen. Na\u0161 cilj je bolje razumeti procese staranja, kar nam bo omogo\u010dilo razviti strategije za za\u0161\u010dito celic in zmanj\u0161anje posledic staranja. V okviru operacije AHA-MOMENT se osredoto\u010damo na naslednje bistvene komponente:<\/p>\n<ol>\n<li>izbolj\u0161ati osnovno razumevanje molekularnih in celi\u010dnih mehanizmov celi\u010dne senescence, z namenom bolj\u0161ega poznavanja molekularnih mehanizmov, ki spro\u017eijo prehod od normalnega do patolo\u0161kega staranja, vklju\u010dno z degenerativnimi boleznimi;<\/li>\n<li>razvoj novih tehnologij za identifikacijo in proizvodnjo substanc, ki zavirajo procese staranja;<\/li>\n<li>razvoj novih nanotehnolo\u0161kih pristopov za vnos teh substanc v tkiva in celice;<\/li>\n<li>razvoj novih tehnologij za evalvacijo in modeliranje celi\u010dnih funkcij in<\/li>\n<li>razvoj novih ra\u010dunalni\u0161kih orodij za predvidevanje interakcij med terapevtskimi substancami in povr\u0161inskimi celi\u010dnimi molekulami.<\/li>\n<\/ol>\n<p align=\"justify\">Z ozirom na \u0161iroko paleto razli\u010dnih ekspertiz znotraj mati\u010dne institucije smo raziskovalno strategijo razdeli na slede\u010di sklop Raziskovalno-razvojnih projektov (RRP):<\/p>\n<p align=\"justify\"><strong>RRP 1<\/strong> prou\u010duje procese, ki vodijo do zmanj\u0161ane viabilnosti in odzivnosti celic v starajo\u010dih tkivih. Na osnovi dobljenih znanj razvijamo strategije za za\u0161\u010dito celic in zmanj\u0161anje posledic teh procesov. Osredoto\u010damo se na epigenetski molekularni zapis, ki je povezan z aktivacijo celi\u010dnega staranja in senescence. Preu\u010dujemo u\u010dinke oksidativnega stresa na epigenetske mehanizme in posku\u0161amo identificirati kriti\u010dne povr\u0161inske celi\u010dne markerje, ki so indikatorji zgodnjih starostnih sprememb.<\/p>\n<p align=\"justify\"><strong>RRP2<\/strong> razvija modelni sistem kvasovk za prou\u010devanje u\u010dinkov genomske (ne)stabilnosti na procese staranja. Prou\u010dujemo u\u010dinek razli\u010dnih substanc iz kvasovk in sadja na nastanek celi\u010dne senescence. Razvijamo celi\u010dne tovarne in procese za visoko u\u010dinkovito proizvodnjo proti-starostnih substanc in funkcionalne hrane, ki spodbuja zdravo staranje.<\/p>\n<p align=\"justify\"><strong>RRP3<\/strong> identificira in razvija protitelesa, specifi\u010dna za celi\u010dne spremembe povezane s staranjem in degenerativnimi boleznimi, dolo\u010da njihove vezavne lastnosti ter testira protitelesa z vezanimi nanodelci v smislu njihove identifikacije, selekcije in separacije.<\/p>\n<p align=\"justify\"><strong>RRP4<\/strong> razvija nove metode za detekcijo antioksidantov, kot tudi spojin, ki spro\u017eajo tvorbo radikalov; sledimo njihovemu privzemu v celice in toksi\u010dnim u\u010dinkom na celi\u010dnem in molekularnem nivoju z uporabo ultra-ob\u010dutljivih in hitrih analiznih metod, ki so primerne tudi za detekcijo v kombinaciji z mikrofluidnimi sistemi.<\/p>\n<p align=\"justify\"><strong>RRP5<\/strong> sku\u0161a ovrednotiti povezavo med nanodelci in biolo\u0161kimi molekulami na atomskem nivoju ter hkrati testira funkcionalne lastnosti konjugiranih nanodelcev, z namenom razvoja procesov in postopkov za pripravo konjugirani nanodelcev, primernih za uporabo v biomedicini.<\/p>\n<p align=\"justify\"><strong>RRP6<\/strong> razvija ra\u010dunalni\u0161ki model za prou\u010devanje lastnosti \u017eilnega pretoka krvi med zdravim in patolo\u0161kim staranjem.<\/p>\n<p align=\"justify\"><strong>RRP7<\/strong> razvija ra\u010dunalni\u0161ki model za predvidevanje interakcij med proti-starostnimi substancami in ligandi s povr\u0161inskimi molekulami, povezanimi z razli\u010dnimi fazami staranja.<\/p>\n<p align=\"justify\">V raziskovalo skupino sedmih interdisciplinarnih raziskovalno-razvojnih projektov smo zdru\u017eili 23 raziskovalcev iz osmih Centrov in Laboratorijev Univerze v Novi Gorici.<\/p>\n<p align=\"justify\">Trajanje operacije: 15. 1. 2013 \u2013 30. 6. 2015<\/p>\n<p align=\"justify\"><a name=\"_GoBack\"><\/a> Vi\u0161ina skupnih stro\u0161kov operacije: 999.178,00 EUR, kar predstavlja celotne upravi\u010dene javne izdatke. Operacijo delno sofinancira Evropska unija, in sicer iz Evropskega sklada za regionalni razvoj (85 %) in delno Republika Slovenija (15 %)<\/p>\n<p align=\"justify\">\n<p align=\"justify\">Povezava na strani <a href=\"http:\/\/www.svrk.gov.si\/si\/\" target=\"_blank\">Organa upravljanja<\/a><\/p>\n","protected":false},"excerpt":{"rendered":"<p>Naziv operacije: \u201cAktivno in zdravo staranje \u2013 molekularni mehanizmi, prehrana in tar\u010dna dostava z nanodelci (AHA-MOMENT)\u201d Naziv upravi\u010denca: Univerza v Novi Gorici Kratek opis operacije: Staranje je normalen proces, ki vodi do celi\u010dne senescence in zmanj\u0161anja delovanja tkiv v telesu. Oksidativni stres lahko, poleg ostalih okoljskih dejavnikov, bistveno pospe\u0161i procese staranja in povzro\u010di celi\u010dno degeneracijo &hellip; <a href=\"https:\/\/projects.ung.si\/aha-moment\/\" class=\"more-link\">Continue reading <span class=\"screen-reader-text\">Aktivno in zdravo staranje<\/span> <span class=\"meta-nav\">&rarr;<\/span><\/a><\/p>\n","protected":false},"author":1,"featured_media":0,"parent":0,"menu_order":0,"comment_status":"closed","ping_status":"closed","template":"","meta":[],"_links":{"self":[{"href":"https:\/\/projects.ung.si\/aha-moment\/index.php\/wp-json\/wp\/v2\/pages\/2"}],"collection":[{"href":"https:\/\/projects.ung.si\/aha-moment\/index.php\/wp-json\/wp\/v2\/pages"}],"about":[{"href":"https:\/\/projects.ung.si\/aha-moment\/index.php\/wp-json\/wp\/v2\/types\/page"}],"author":[{"embeddable":true,"href":"https:\/\/projects.ung.si\/aha-moment\/index.php\/wp-json\/wp\/v2\/users\/1"}],"replies":[{"embeddable":true,"href":"https:\/\/projects.ung.si\/aha-moment\/index.php\/wp-json\/wp\/v2\/comments?post=2"}],"version-history":[{"count":5,"href":"https:\/\/projects.ung.si\/aha-moment\/index.php\/wp-json\/wp\/v2\/pages\/2\/revisions"}],"predecessor-version":[{"id":27,"href":"https:\/\/projects.ung.si\/aha-moment\/index.php\/wp-json\/wp\/v2\/pages\/2\/revisions\/27"}],"wp:attachment":[{"href":"https:\/\/projects.ung.si\/aha-moment\/index.php\/wp-json\/wp\/v2\/media?parent=2"}],"curies":[{"name":"wp","href":"https:\/\/api.w.org\/{rel}","templated":true}]}}